{"id":643,"date":"2025-10-12T10:27:52","date_gmt":"2025-10-12T10:27:52","guid":{"rendered":"https:\/\/ghoststudio.it\/?page_id=643"},"modified":"2025-11-27T12:38:47","modified_gmt":"2025-11-27T11:38:47","slug":"chi-siamo","status":"publish","type":"page","link":"https:\/\/ghoststudio.it\/en\/chi-siamo\/","title":{"rendered":"Ghost Studio"},"content":{"rendered":"<div data-elementor-type=\"wp-page\" data-elementor-id=\"643\" class=\"elementor elementor-643\" data-elementor-post-type=\"page\">\n\t\t\t\t<div class=\"elementor-element elementor-element-361f177 e-con-full e-flex e-con e-parent\" data-id=\"361f177\" data-element_type=\"container\">\n\t\t\t\t<div class=\"elementor-element elementor-element-986f32c elementor-widget elementor-widget-text-editor\" data-id=\"986f32c\" data-element_type=\"widget\" data-widget_type=\"text-editor.default\">\n\t\t\t\t\t\t\t\t\tManifesto Della Positivit\u00e0\t\t\t\t\t\t\t\t<\/div>\n\t\t\t\t<div class=\"elementor-element elementor-element-613508f elementor-widget elementor-widget-text-editor\" data-id=\"613508f\" data-element_type=\"widget\" data-widget_type=\"text-editor.default\">\n\t\t\t\t\t\t\t\t\t<p>We turn chaos into creative energy, creating unique artistic experiences.<\/p><p>Creiamo linee che fluiscono oltre il tempo e sogni che diventano manifesti di creativit\u00e0.<\/p><p>We are tamers of ideas, sowers of creative light, white horses of artistic vision.<\/p><p>Amiamo il colore che scuote l&#8217;anima e la vita che sorprende, portando energia positiva.<\/p><p>Rivendichiamo il diritto a creare senza limiti, paure e confini, per una libert\u00e0 assoluta.<\/p><p>Crediamo nella meraviglia come disciplina e nella creativit\u00e0 come rivoluzione.<\/p><p>Vogliamo galoppare nell&#8217;arcobaleno della creativit\u00e0, trasformando il dubbio in ispirazione.<\/p><p>We are positive energy that illuminates the future, creative pulse that generates worlds.<\/p><p>Creiamo spazi che sorprendono e opere che danzano, trasformando l&#8217;arte in esperienza.<\/p><p>Siamo Ghost Studio, l&#8217;aurora del possibile, un inno alla creativit\u00e0, positivit\u00e0 e libert\u00e0.<\/p>\t\t\t\t\t\t\t\t<\/div>\n\t\t\t\t<\/div>\n\t\t<div class=\"elementor-element elementor-element-0c02e17 e-con-full e-flex e-con e-parent\" data-id=\"0c02e17\" data-element_type=\"container\">\n\t\t\t\t<div class=\"elementor-element elementor-element-cfae65f elementor-widget elementor-widget-heading\" data-id=\"cfae65f\" data-element_type=\"widget\" data-widget_type=\"heading.default\">\n\t\t\t\t\t<h2 class=\"elementor-heading-title elementor-size-default\"><strong>WHO <\/strong>WE ARE<\/h2>\t\t\t\t<\/div>\n\t\t\t\t<div class=\"elementor-element elementor-element-e88448c elementor-widget elementor-widget-text-editor\" data-id=\"e88448c\" data-element_type=\"widget\" data-widget_type=\"text-editor.default\">\n\t\t\t\t\t\t\t\t\t<p>Siamo un team di professionisti che lavora con un metodo basato sulla formazione e sul trasferimento delle proprie conoscenze. Ghost Studio \u00e8 un&#8217;agenzia di marketing, comunicazione e pubbliche relazioni specializzata in moda, design, beauty e food. Una casa di produzione specializzata nella creazione di foto e video per i settori della moda, del design, della musica e dello spettacolo e una societ\u00e0 di ingegneri e progettisti software espert i nel l a realizzazione di prodotti all&#8217;avanguardia.<\/p>\t\t\t\t\t\t\t\t<\/div>\n\t\t\t\t<\/div>\n\t\t<div class=\"elementor-element elementor-element-34a7d95 e-con-full e-flex e-con e-parent\" data-id=\"34a7d95\" data-element_type=\"container\">\n\t\t\t\t<div class=\"elementor-element elementor-element-d5c8d85 elementor-widget elementor-widget-heading\" data-id=\"d5c8d85\" data-element_type=\"widget\" data-widget_type=\"heading.default\">\n\t\t\t\t\t<h2 class=\"elementor-heading-title elementor-size-default\"><strong>OUR <\/strong>SERVICES<\/h2>\t\t\t\t<\/div>\n\t\t\t\t<\/div>\n\t\t<div class=\"elementor-element elementor-element-cea4f3f e-con-full e-flex e-con e-parent\" data-id=\"cea4f3f\" data-element_type=\"container\">\n\t\t<div class=\"elementor-element elementor-element-c9e6986 e-con-full e-flex e-con e-child\" data-id=\"c9e6986\" data-element_type=\"container\" data-settings=\"{&quot;background_background&quot;:&quot;classic&quot;,&quot;motion_fx_motion_fx_scrolling&quot;:&quot;yes&quot;,&quot;motion_fx_translateY_effect&quot;:&quot;yes&quot;,&quot;motion_fx_translateY_affectedRange&quot;:{&quot;unit&quot;:&quot;%&quot;,&quot;size&quot;:&quot;&quot;,&quot;sizes&quot;:{&quot;start&quot;:0,&quot;end&quot;:50}},&quot;motion_fx_translateY_speed&quot;:{&quot;unit&quot;:&quot;px&quot;,&quot;size&quot;:4,&quot;sizes&quot;:[]},&quot;motion_fx_devices&quot;:[&quot;desktop&quot;,&quot;tablet&quot;,&quot;mobile&quot;]}\">\n\t\t\t\t<div class=\"elementor-element elementor-element-194b8f9 elementor-widget elementor-widget-heading\" data-id=\"194b8f9\" data-element_type=\"widget\" data-widget_type=\"heading.default\">\n\t\t\t\t\t<h2 class=\"elementor-heading-title elementor-size-default\">Public Relations<\/h2>\t\t\t\t<\/div>\n\t\t\t\t<div class=\"elementor-element elementor-element-8ab3e90 elementor-widget elementor-widget-text-editor\" data-id=\"8ab3e90\" data-element_type=\"widget\" data-widget_type=\"text-editor.default\">\n\t\t\t\t\t\t\t\t\t<ul><li>Brand Reputation<\/li><li>Storytelling<\/li><li>Media Strategy<\/li><li>Media Relations<\/li><li>Corporate Press O\ufb03ce<\/li><li>Product Press Office<\/li><li>Brand activation<\/li><li>Influencers\/Celebrities activation<\/li><li>Press day\/Press trips organization<\/li><li>Digital PR<\/li><\/ul>\t\t\t\t\t\t\t\t<\/div>\n\t\t\t\t<\/div>\n\t\t<div class=\"elementor-element elementor-element-48f19f7 e-con-full e-flex e-con e-child\" data-id=\"48f19f7\" data-element_type=\"container\" data-settings=\"{&quot;background_background&quot;:&quot;classic&quot;,&quot;motion_fx_motion_fx_scrolling&quot;:&quot;yes&quot;,&quot;motion_fx_translateY_effect&quot;:&quot;yes&quot;,&quot;motion_fx_translateY_speed&quot;:{&quot;unit&quot;:&quot;px&quot;,&quot;size&quot;:7,&quot;sizes&quot;:[]},&quot;motion_fx_translateY_affectedRange&quot;:{&quot;unit&quot;:&quot;%&quot;,&quot;size&quot;:&quot;&quot;,&quot;sizes&quot;:{&quot;start&quot;:0,&quot;end&quot;:50}},&quot;motion_fx_devices&quot;:[&quot;desktop&quot;,&quot;tablet&quot;,&quot;mobile&quot;]}\">\n\t\t\t\t<div class=\"elementor-element elementor-element-a16ec5c elementor-widget elementor-widget-heading\" data-id=\"a16ec5c\" data-element_type=\"widget\" data-widget_type=\"heading.default\">\n\t\t\t\t\t<h2 class=\"elementor-heading-title elementor-size-default\">Creative &amp; Production<\/h2>\t\t\t\t<\/div>\n\t\t\t\t<div class=\"elementor-element elementor-element-d4ca907 elementor-widget elementor-widget-text-editor\" data-id=\"d4ca907\" data-element_type=\"widget\" data-widget_type=\"text-editor.default\">\n\t\t\t\t\t\t\t\t\t<ul><li class=\"li1\">Trend Hunting &amp; Forecasting<\/li><li class=\"li1\">Fashion Design<\/li><li class=\"li1\">Product Development<\/li><li class=\"li1\">Styling<\/li><li class=\"li1\">Set &amp; Interior Design<\/li><li class=\"li1\">Visual Merchandising<\/li><li class=\"li1\">Corporate Identity<\/li><li class=\"li1\">Art &amp; Creative Direction<\/li><li class=\"li1\">Advertising Campaign<\/li><li class=\"li1\">Catalogue &amp; Lookbook<\/li><li class=\"li1\">Content Production<\/li><li class=\"li1\">Photo &amp; Video Production<\/li><\/ul>\t\t\t\t\t\t\t\t<\/div>\n\t\t\t\t<\/div>\n\t\t<div class=\"elementor-element elementor-element-31ae1fe e-con-full e-flex e-con e-child\" data-id=\"31ae1fe\" data-element_type=\"container\" data-settings=\"{&quot;background_background&quot;:&quot;classic&quot;,&quot;motion_fx_motion_fx_scrolling&quot;:&quot;yes&quot;,&quot;motion_fx_translateY_effect&quot;:&quot;yes&quot;,&quot;motion_fx_translateY_speed&quot;:{&quot;unit&quot;:&quot;px&quot;,&quot;size&quot;:10,&quot;sizes&quot;:[]},&quot;motion_fx_translateY_affectedRange&quot;:{&quot;unit&quot;:&quot;%&quot;,&quot;size&quot;:&quot;&quot;,&quot;sizes&quot;:{&quot;start&quot;:0,&quot;end&quot;:50}},&quot;motion_fx_devices&quot;:[&quot;desktop&quot;,&quot;tablet&quot;,&quot;mobile&quot;]}\">\n\t\t\t\t<div class=\"elementor-element elementor-element-056d4a4 elementor-widget elementor-widget-heading\" data-id=\"056d4a4\" data-element_type=\"widget\" data-widget_type=\"heading.default\">\n\t\t\t\t\t<h2 class=\"elementor-heading-title elementor-size-default\">Event<\/h2>\t\t\t\t<\/div>\n\t\t\t\t<div class=\"elementor-element elementor-element-41807ee elementor-widget elementor-widget-text-editor\" data-id=\"41807ee\" data-element_type=\"widget\" data-widget_type=\"text-editor.default\">\n\t\t\t\t\t\t\t\t\t<ul class=\"ul1\"><li class=\"li2\">Concept &amp; Creative Direction<\/li><li class=\"li2\">Event Management &amp; Production<\/li><li class=\"li2\">Fashion Show Coordination<\/li><\/ul>\t\t\t\t\t\t\t\t<\/div>\n\t\t\t\t<div class=\"elementor-element elementor-element-f3aa98c elementor-widget elementor-widget-heading\" data-id=\"f3aa98c\" data-element_type=\"widget\" data-widget_type=\"heading.default\">\n\t\t\t\t\t<h2 class=\"elementor-heading-title elementor-size-default\">Advertising<\/h2>\t\t\t\t<\/div>\n\t\t\t\t<div class=\"elementor-element elementor-element-18a4dc3 elementor-widget elementor-widget-text-editor\" data-id=\"18a4dc3\" data-element_type=\"widget\" data-widget_type=\"text-editor.default\">\n\t\t\t\t\t\t\t\t\t<ul class=\"ul1\"><li class=\"li2\">Online Display<\/li><li class=\"li2\">Media Content Strategy<\/li><li class=\"li2\">Media Design<\/li><li class=\"li2\">Planning &amp; Buying<\/li><li class=\"li2\">Media Audit<\/li><\/ul>\t\t\t\t\t\t\t\t<\/div>\n\t\t\t\t<\/div>\n\t\t\t\t<\/div>\n\t\t<div class=\"elementor-element elementor-element-7ce655d e-con-full e-flex e-con e-parent\" data-id=\"7ce655d\" data-element_type=\"container\">\n\t\t\t\t<div class=\"elementor-element elementor-element-4a145f1 elementor-widget elementor-widget-heading\" data-id=\"4a145f1\" data-element_type=\"widget\" data-widget_type=\"heading.default\">\n\t\t\t\t\t<h2 class=\"elementor-heading-title elementor-size-default\"><strong>OUR <\/strong>DIGITAL SERVICES<\/h2>\t\t\t\t<\/div>\n\t\t\t\t<\/div>\n\t\t<div class=\"elementor-element elementor-element-abb390b e-con-full e-flex e-con e-parent\" data-id=\"abb390b\" data-element_type=\"container\">\n\t\t<div class=\"elementor-element elementor-element-dd4f4a3 e-con-full e-flex e-con e-child\" data-id=\"dd4f4a3\" data-element_type=\"container\" data-settings=\"{&quot;background_background&quot;:&quot;classic&quot;,&quot;motion_fx_motion_fx_scrolling&quot;:&quot;yes&quot;,&quot;motion_fx_translateY_effect&quot;:&quot;yes&quot;,&quot;motion_fx_translateY_affectedRange&quot;:{&quot;unit&quot;:&quot;%&quot;,&quot;size&quot;:&quot;&quot;,&quot;sizes&quot;:{&quot;start&quot;:0,&quot;end&quot;:50}},&quot;motion_fx_translateY_speed&quot;:{&quot;unit&quot;:&quot;px&quot;,&quot;size&quot;:4,&quot;sizes&quot;:[]},&quot;motion_fx_devices&quot;:[&quot;desktop&quot;,&quot;tablet&quot;,&quot;mobile&quot;]}\">\n\t\t\t\t<div class=\"elementor-element elementor-element-07f140e elementor-widget elementor-widget-heading\" data-id=\"07f140e\" data-element_type=\"widget\" data-widget_type=\"heading.default\">\n\t\t\t\t\t<h2 class=\"elementor-heading-title elementor-size-default\">Digital Mkt &amp; Communication\n<\/h2>\t\t\t\t<\/div>\n\t\t\t\t<div class=\"elementor-element elementor-element-a600aaf elementor-widget elementor-widget-text-editor\" data-id=\"a600aaf\" data-element_type=\"widget\" data-widget_type=\"text-editor.default\">\n\t\t\t\t\t\t\t\t\t<ul><li class=\"li1\">Social Network Strategy &amp; Managment<\/li><li class=\"li1\">Google\/Facebook ADV<\/li><li class=\"li1\">Social Network Analysis<\/li><li class=\"li1\">Owned Media Analysis &amp; Social Insight Analysis<\/li><li class=\"li1\">Content Enrichment\u2014 Competitive Analysis<\/li><li class=\"li1\">Product Perception Analysis<\/li><li class=\"li1\">Customer Journey Mapping<\/li><li class=\"li1\">Brand &amp; Product Positioning<\/li><li class=\"li1\">Audience Prolfiling\/Personas<\/li><\/ul>\t\t\t\t\t\t\t\t<\/div>\n\t\t\t\t<\/div>\n\t\t<div class=\"elementor-element elementor-element-0169f14 e-con-full e-flex e-con e-child\" data-id=\"0169f14\" data-element_type=\"container\" data-settings=\"{&quot;background_background&quot;:&quot;classic&quot;,&quot;motion_fx_motion_fx_scrolling&quot;:&quot;yes&quot;,&quot;motion_fx_translateY_effect&quot;:&quot;yes&quot;,&quot;motion_fx_translateY_speed&quot;:{&quot;unit&quot;:&quot;px&quot;,&quot;size&quot;:7,&quot;sizes&quot;:[]},&quot;motion_fx_translateY_affectedRange&quot;:{&quot;unit&quot;:&quot;%&quot;,&quot;size&quot;:&quot;&quot;,&quot;sizes&quot;:{&quot;start&quot;:0,&quot;end&quot;:50}},&quot;motion_fx_devices&quot;:[&quot;desktop&quot;,&quot;tablet&quot;,&quot;mobile&quot;]}\">\n\t\t\t\t<div class=\"elementor-element elementor-element-5ed433f elementor-widget elementor-widget-heading\" data-id=\"5ed433f\" data-element_type=\"widget\" data-widget_type=\"heading.default\">\n\t\t\t\t\t<h2 class=\"elementor-heading-title elementor-size-default\">Website Design &amp; Development\n<\/h2>\t\t\t\t<\/div>\n\t\t\t\t<div class=\"elementor-element elementor-element-8655c5b elementor-widget elementor-widget-text-editor\" data-id=\"8655c5b\" data-element_type=\"widget\" data-widget_type=\"text-editor.default\">\n\t\t\t\t\t\t\t\t\t<ul><li class=\"li1\">Website designing\/building\/maintaining<\/li><li class=\"li1\">Directing\/performing<\/li><li class=\"li1\">Website updates<\/li><li class=\"li1\">Editing\/writing\/designing Website content<\/li><li class=\"li1\">Google SEO<\/li><\/ul>\t\t\t\t\t\t\t\t<\/div>\n\t\t\t\t<\/div>\n\t\t<div class=\"elementor-element elementor-element-369579d e-con-full e-flex e-con e-child\" data-id=\"369579d\" data-element_type=\"container\" data-settings=\"{&quot;background_background&quot;:&quot;classic&quot;,&quot;motion_fx_motion_fx_scrolling&quot;:&quot;yes&quot;,&quot;motion_fx_translateY_effect&quot;:&quot;yes&quot;,&quot;motion_fx_translateY_speed&quot;:{&quot;unit&quot;:&quot;px&quot;,&quot;size&quot;:10,&quot;sizes&quot;:[]},&quot;motion_fx_translateY_affectedRange&quot;:{&quot;unit&quot;:&quot;%&quot;,&quot;size&quot;:&quot;&quot;,&quot;sizes&quot;:{&quot;start&quot;:0,&quot;end&quot;:50}},&quot;motion_fx_devices&quot;:[&quot;desktop&quot;,&quot;tablet&quot;,&quot;mobile&quot;]}\">\n\t\t\t\t<div class=\"elementor-element elementor-element-f34d408 elementor-widget elementor-widget-heading\" data-id=\"f34d408\" data-element_type=\"widget\" data-widget_type=\"heading.default\">\n\t\t\t\t\t<h2 class=\"elementor-heading-title elementor-size-default\">Sales &amp; CRM \n<\/h2>\t\t\t\t<\/div>\n\t\t\t\t<div class=\"elementor-element elementor-element-cdbb961 elementor-widget elementor-widget-text-editor\" data-id=\"cdbb961\" data-element_type=\"widget\" data-widget_type=\"text-editor.default\">\n\t\t\t\t\t\t\t\t\t<ul class=\"ul1\"><li class=\"li1\">Customer Satisfaction Analysis<\/li><li class=\"li1\">Customer Reviews Analysis<\/li><li class=\"li1\">Amazon SEO and Amazon Reviews Analysis<\/li><li class=\"li1\">Product Scouting<\/li><li class=\"li1\">Predictive\u00a0Analytics<\/li><\/ul>\t\t\t\t\t\t\t\t<\/div>\n\t\t\t\t<div class=\"elementor-element elementor-element-c5d5e5f elementor-widget elementor-widget-heading\" data-id=\"c5d5e5f\" data-element_type=\"widget\" data-widget_type=\"heading.default\">\n\t\t\t\t\t<h2 class=\"elementor-heading-title elementor-size-default\">CEO\/Board\n<\/h2>\t\t\t\t<\/div>\n\t\t\t\t<div class=\"elementor-element elementor-element-67c952d elementor-widget elementor-widget-text-editor\" data-id=\"67c952d\" data-element_type=\"widget\" data-widget_type=\"text-editor.default\">\n\t\t\t\t\t\t\t\t\t<ul class=\"ul1\"><li class=\"li1\">Rating Analysis<\/li><li class=\"li1\">Measurement of Brand Iconicity<\/li><li class=\"li1\">Company\/Personal Branding<\/li><li class=\"li1\">Employer Branding<\/li><li class=\"li1\">SDGs<\/li><\/ul>\t\t\t\t\t\t\t\t<\/div>\n\t\t\t\t<\/div>\n\t\t\t\t<\/div>\n\t\t\t\t<\/div>","protected":false},"excerpt":{"rendered":"<p>Manifesto Della Positivit\u00e0 Trasformiamo il caos in energia creativa, creando esperienze artistiche uniche. Creiamo linee che fluiscono oltre il tempo e sogni che diventano manifesti di creativit\u00e0. Siamo domatori di idee, seminatori di luce creativa, cavalli bianchi della visione artistica. Amiamo il colore che scuote l&#8217;anima e la vita che sorprende, portando energia positiva. Rivendichiamo [&hellip;]<\/p>","protected":false},"author":1,"featured_media":0,"parent":0,"menu_order":0,"comment_status":"closed","ping_status":"closed","template":"","meta":{"footnotes":""},"class_list":["post-643","page","type-page","status-publish","hentry"],"_links":{"self":[{"href":"https:\/\/ghoststudio.it\/en\/wp-json\/wp\/v2\/pages\/643","targetHints":{"allow":["GET"]}}],"collection":[{"href":"https:\/\/ghoststudio.it\/en\/wp-json\/wp\/v2\/pages"}],"about":[{"href":"https:\/\/ghoststudio.it\/en\/wp-json\/wp\/v2\/types\/page"}],"author":[{"embeddable":true,"href":"https:\/\/ghoststudio.it\/en\/wp-json\/wp\/v2\/users\/1"}],"replies":[{"embeddable":true,"href":"https:\/\/ghoststudio.it\/en\/wp-json\/wp\/v2\/comments?post=643"}],"version-history":[{"count":0,"href":"https:\/\/ghoststudio.it\/en\/wp-json\/wp\/v2\/pages\/643\/revisions"}],"wp:attachment":[{"href":"https:\/\/ghoststudio.it\/en\/wp-json\/wp\/v2\/media?parent=643"}],"curies":[{"name":"wp","href":"https:\/\/api.w.org\/{rel}","templated":true}]}}